{"id":68,"date":"2015-10-23T13:42:09","date_gmt":"2015-10-23T10:42:09","guid":{"rendered":"http:\/\/localhost\/mv\/?page_id=68"},"modified":"2026-02-05T18:55:23","modified_gmt":"2026-02-05T16:55:23","slug":"liity-jaseneksi","status":"publish","type":"page","link":"https:\/\/mustaverkosto.net\/index.php\/liity-jaseneksi\/","title":{"rendered":"J\u00e4senedut"},"content":{"rendered":"<div id=\"pl-68\"  class=\"panel-layout\" ><div id=\"pg-68-0\"  class=\"panel-grid panel-has-style\" ><div class=\"siteorigin-panels-stretch panel-row-style panel-row-style-for-68-0\" data-stretch-type=\"full\" ><div id=\"pgc-68-0-0\"  class=\"panel-grid-cell\" ><div id=\"panel-68-0-0-0\" class=\"so-panel widget widget_black-studio-tinymce widget_black_studio_tinymce panel-first-child panel-last-child\" data-index=\"0\" ><div class=\"textwidget\"><p><span class=\"\" style=\"display:block;clear:both;height: 0px;padding-top: 500px;border-top-width:0px;border-bottom-width:0px;\"><\/span><\/p>\n<\/div><\/div><\/div><\/div><\/div><div id=\"pg-68-1\"  class=\"panel-grid panel-no-style\" ><div id=\"pgc-68-1-0\"  class=\"panel-grid-cell\" ><div id=\"panel-68-1-0-0\" class=\"so-panel widget widget_black-studio-tinymce widget_black_studio_tinymce panel-first-child panel-last-child\" data-index=\"1\" ><div class=\"textwidget\"><h1><span style=\"color: #ffcc00;\">Liity joukkoon keltamustaan!<\/span><\/h1>\n<p>&nbsp;<\/p>\n<h3><span style=\"color: #ffcc00;\">20 euron hintaisen j\u00e4senyyden lunastamalla olet oikeutettu kaudella 2025-2026 seuraaviin etuihin j\u00e4senkorttiasi n\u00e4ytt\u00e4m\u00e4ll\u00e4:<\/span><\/h3>\n<\/div><\/div><\/div><\/div><div id=\"pg-68-2\"  class=\"panel-grid panel-no-style\" ><div id=\"pgc-68-2-0\"  class=\"panel-grid-cell\" ><div id=\"panel-68-2-0-0\" class=\"so-panel widget widget_black-studio-tinymce widget_black_studio_tinymce panel-first-child panel-last-child\" data-index=\"2\" ><div class=\"textwidget\"><p style=\"text-align: center;\"><a href=\"https:\/\/forms.gle\/fzhhKHEDCdC6MTd76\" class=\"su-button su-button-style-default\" style=\"color:#000000;background-color:#ffcc00;border-color:#cca400;border-radius:10px\" target=\"_self\"><span style=\"color:#000000;padding:0px 26px;font-size:20px;line-height:40px;border-color:#ffdc4d;border-radius:10px;text-shadow:none\"> <strong>Liity j\u00e4seneksi!<\/strong><\/span><\/a><\/p>\n<\/div><\/div><\/div><\/div><div id=\"pg-68-3\"  class=\"panel-grid panel-no-style\" ><div id=\"pgc-68-3-0\"  class=\"panel-grid-cell\" ><div id=\"panel-68-3-0-0\" class=\"so-panel widget widget_black-studio-tinymce widget_black_studio_tinymce panel-first-child panel-last-child\" data-index=\"3\" ><div class=\"textwidget\"><p><img loading=\"lazy\" decoding=\"async\" class=\"size-full wp-image-1160 alignleft\" src=\"https:\/\/mustaverkosto.net\/wp-content\/uploads\/2019\/09\/MuVe_logo-1.jpg\" alt=\"\" width=\"300\" height=\"300\" srcset=\"https:\/\/mustaverkosto.net\/wp-content\/uploads\/2019\/09\/MuVe_logo-1.jpg 300w, https:\/\/mustaverkosto.net\/wp-content\/uploads\/2019\/09\/MuVe_logo-1-150x150.jpg 150w\" sizes=\"auto, (max-width: 300px) 100vw, 300px\" \/><\/p>\n<p>&nbsp;<\/p>\n<p>&nbsp;<\/p>\n<p><span style=\"color: #ffcc00;\">- Vieraspelimatkojen hinnoista v\u00e4hint\u00e4\u00e4n -10 \u20ac.<\/span><\/p>\n<p><span style=\"color: #ffcc00;\">- Vieraspelilippujen hinnoista v\u00e4hint\u00e4\u00e4n -3 \u20ac Verkoston j\u00e4rjest\u00e4mill\u00e4 matkoilla.<\/span><\/p>\n<p><span style=\"color: #ffcc00;\">- Etuosto-oikeus kev\u00e4\u00e4n playoffs-matkoille 31.12.2025 menness\u00e4 j\u00e4seneksi liittyneille.<\/span><\/p>\n<p>&nbsp;<\/p>\n<p>&nbsp;<\/p>\n<p>&nbsp;<\/p>\n<p>&nbsp;<\/p>\n<\/div><\/div><\/div><\/div><div id=\"pg-68-4\"  class=\"panel-grid panel-no-style\" ><div id=\"pgc-68-4-0\"  class=\"panel-grid-cell\" ><div id=\"panel-68-4-0-0\" class=\"so-panel widget widget_black-studio-tinymce widget_black_studio_tinymce panel-first-child panel-last-child\" data-index=\"4\" ><div class=\"textwidget\"><p><a href=\"http:\/\/www.kalpa.fi\/\"><img loading=\"lazy\" decoding=\"async\" class=\"size-full wp-image-1167 alignleft\" src=\"https:\/\/mustaverkosto.net\/wp-content\/uploads\/2019\/09\/KalPa_logo-2.jpg\" alt=\"\" width=\"300\" height=\"300\" srcset=\"https:\/\/mustaverkosto.net\/wp-content\/uploads\/2019\/09\/KalPa_logo-2.jpg 300w, https:\/\/mustaverkosto.net\/wp-content\/uploads\/2019\/09\/KalPa_logo-2-150x150.jpg 150w\" sizes=\"auto, (max-width: 300px) 100vw, 300px\" \/><\/a><br \/>\n<span style=\"color: #ffcc00;\">- 10% alennus fanituotteista toimiston ja j\u00e4\u00e4hallin KalPa-shopeista (mukaanlukien game worn-pelipaidat)<\/span><\/p>\n<\/div><\/div><\/div><\/div><div id=\"pg-68-5\"  class=\"panel-grid panel-no-style\" ><div id=\"pgc-68-5-0\"  class=\"panel-grid-cell\" ><div id=\"panel-68-5-0-0\" class=\"so-panel widget widget_black-studio-tinymce widget_black_studio_tinymce panel-first-child panel-last-child\" data-index=\"5\" ><div class=\"textwidget\"><p><a href=\"http:\/\/kalpa.fi\/fi-fi\/ravintola-pelimies\/pelimies\/220\/\"><img loading=\"lazy\" decoding=\"async\" class=\"size-full wp-image-1162 alignleft\" src=\"https:\/\/mustaverkosto.net\/wp-content\/uploads\/2019\/09\/Pelimies_logo.jpg\" alt=\"\" width=\"300\" height=\"300\" srcset=\"https:\/\/mustaverkosto.net\/wp-content\/uploads\/2019\/09\/Pelimies_logo.jpg 300w, https:\/\/mustaverkosto.net\/wp-content\/uploads\/2019\/09\/Pelimies_logo-150x150.jpg 150w\" sizes=\"auto, (max-width: 300px) 100vw, 300px\" \/><\/a><br \/>\n&nbsp;<\/p>\n<p><span style=\"color: #ffcc00;\">- 10% alennus kaikista tuotteista (poislukien lounas ja alkoholituotteet)<\/span><\/p>\n<\/div><\/div><\/div><\/div><div id=\"pg-68-6\"  class=\"panel-grid panel-no-style\" ><div id=\"pgc-68-6-0\"  class=\"panel-grid-cell\" ><div id=\"panel-68-6-0-0\" class=\"so-panel widget widget_black-studio-tinymce widget_black_studio_tinymce panel-first-child panel-last-child\" data-index=\"6\" ><div class=\"textwidget\"><p><img loading=\"lazy\" decoding=\"async\" src=\"https:\/\/mustaverkosto.net\/wp-content\/uploads\/2024\/08\/WhatsApp-Image-2024-08-25-at-12.58.38.jpeg\" alt=\"\" width=\"300\" height=\"300\" class=\"alignleft size-full wp-image-1460\" srcset=\"https:\/\/mustaverkosto.net\/wp-content\/uploads\/2024\/08\/WhatsApp-Image-2024-08-25-at-12.58.38.jpeg 300w, https:\/\/mustaverkosto.net\/wp-content\/uploads\/2024\/08\/WhatsApp-Image-2024-08-25-at-12.58.38-150x150.jpeg 150w\" sizes=\"auto, (max-width: 300px) 100vw, 300px\" \/><\/p>\n<p>&nbsp;<\/p>\n<p>&nbsp;<\/p>\n<p><span style=\"color: #ffcc00;\">- 10% alennus kaikista tuotteista (poislukien lounas ja alkoholituotteet)<\/span><\/p>\n<\/div><\/div><\/div><\/div><div id=\"pg-68-7\"  class=\"panel-grid panel-no-style\" ><div id=\"pgc-68-7-0\"  class=\"panel-grid-cell\" ><div id=\"panel-68-7-0-0\" class=\"so-panel widget widget_black-studio-tinymce widget_black_studio_tinymce panel-first-child panel-last-child\" data-index=\"7\" ><div class=\"textwidget\"><p><img loading=\"lazy\" decoding=\"async\" class=\"alignleft size-full wp-image-1214\" src=\"https:\/\/mustaverkosto.net\/wp-content\/uploads\/2020\/09\/Laituri300x300.jpg\" alt=\"\" width=\"300\" height=\"300\" srcset=\"https:\/\/mustaverkosto.net\/wp-content\/uploads\/2020\/09\/Laituri300x300.jpg 300w, https:\/\/mustaverkosto.net\/wp-content\/uploads\/2020\/09\/Laituri300x300-150x150.jpg 150w\" sizes=\"auto, (max-width: 300px) 100vw, 300px\" \/><\/p>\n<p>v<br \/>\n<span style=\"color: #ffcc00;\">- 10% alennus kahvilan tuotteista<\/span><\/p>\n<\/div><\/div><\/div><\/div><div id=\"pg-68-8\"  class=\"panel-grid panel-no-style\" ><div id=\"pgc-68-8-0\"  class=\"panel-grid-cell\" ><div id=\"panel-68-8-0-0\" class=\"so-panel widget widget_black-studio-tinymce widget_black_studio_tinymce panel-first-child panel-last-child\" data-index=\"8\" ><div class=\"textwidget\"><p><img loading=\"lazy\" decoding=\"async\" src=\"https:\/\/mustaverkosto.net\/wp-content\/uploads\/2019\/09\/Amarillo_logo.jpg\" alt=\"\" width=\"300\" height=\"300\" class=\"alignleft size-full wp-image-1171\" srcset=\"https:\/\/mustaverkosto.net\/wp-content\/uploads\/2019\/09\/Amarillo_logo.jpg 300w, https:\/\/mustaverkosto.net\/wp-content\/uploads\/2019\/09\/Amarillo_logo-150x150.jpg 150w\" sizes=\"auto, (max-width: 300px) 100vw, 300px\" \/><\/p>\n<p>&nbsp;<\/p>\n<p><span style=\"color: #ffcc00;\">-A la Carte listalta sek\u00e4 alkoholittomista juomista -15% alennus<\/span><br \/>\n<span style=\"color: #ffcc00;\">-Lounas 12,90\u20ac<\/span><br \/>\n<span style=\"color: #ffcc00;\">-Olvi export 0,33l 4,60\u20ac<\/span><br \/>\n<span style=\"color: #ffcc00;\">-A. Le Coq hanalonkero 0,33l 4,60\u20ac<\/span><br \/>\n<span style=\"color: #ffcc00;\">-Virvoke 0,5l (cola, jaffa, vadelma) 3,60\u20ac<\/span><\/p>\n<\/div><\/div><\/div><\/div><div id=\"pg-68-9\"  class=\"panel-grid panel-no-style\" ><div id=\"pgc-68-9-0\"  class=\"panel-grid-cell\" ><div id=\"panel-68-9-0-0\" class=\"so-panel widget widget_black-studio-tinymce widget_black_studio_tinymce panel-first-child panel-last-child\" data-index=\"9\" ><div class=\"textwidget\"><\/div><\/div><\/div><\/div><div id=\"pg-68-10\"  class=\"panel-grid panel-no-style\" ><div id=\"pgc-68-10-0\"  class=\"panel-grid-cell\" ><div id=\"panel-68-10-0-0\" class=\"so-panel widget widget_black-studio-tinymce widget_black_studio_tinymce panel-first-child panel-last-child\" data-index=\"10\" ><div class=\"textwidget\"><p style=\"text-align: center;\"><a href=\"https:\/\/forms.gle\/fzhhKHEDCdC6MTd76\" class=\"su-button su-button-style-default\" style=\"color:#000000;background-color:#ffcc00;border-color:#cca400;border-radius:10px\" target=\"_self\"><span style=\"color:#000000;padding:0px 26px;font-size:20px;line-height:40px;border-color:#ffdc4d;border-radius:10px;text-shadow:none\"> <strong>Liity j\u00e4seneksi!<\/strong><\/span><\/a><\/p>\n<\/div><\/div><\/div><\/div><\/div>","protected":false},"excerpt":{"rendered":"<p>Liity joukkoon keltamustaan! &nbsp; 20 euron hintaisen j\u00e4senyyden lunastamalla olet oikeutettu kaudella 2025-2026 seuraaviin etuihin j\u00e4senkorttiasi n\u00e4ytt\u00e4m\u00e4ll\u00e4:<\/p>\n","protected":false},"author":1,"featured_media":0,"parent":0,"menu_order":0,"comment_status":"closed","ping_status":"closed","template":"full-width-page.php","meta":{"footnotes":""},"class_list":["post-68","page","type-page","status-publish","hentry"],"_links":{"self":[{"href":"https:\/\/mustaverkosto.net\/index.php\/wp-json\/wp\/v2\/pages\/68","targetHints":{"allow":["GET"]}}],"collection":[{"href":"https:\/\/mustaverkosto.net\/index.php\/wp-json\/wp\/v2\/pages"}],"about":[{"href":"https:\/\/mustaverkosto.net\/index.php\/wp-json\/wp\/v2\/types\/page"}],"author":[{"embeddable":true,"href":"https:\/\/mustaverkosto.net\/index.php\/wp-json\/wp\/v2\/users\/1"}],"replies":[{"embeddable":true,"href":"https:\/\/mustaverkosto.net\/index.php\/wp-json\/wp\/v2\/comments?post=68"}],"version-history":[{"count":106,"href":"https:\/\/mustaverkosto.net\/index.php\/wp-json\/wp\/v2\/pages\/68\/revisions"}],"predecessor-version":[{"id":1614,"href":"https:\/\/mustaverkosto.net\/index.php\/wp-json\/wp\/v2\/pages\/68\/revisions\/1614"}],"wp:attachment":[{"href":"https:\/\/mustaverkosto.net\/index.php\/wp-json\/wp\/v2\/media?parent=68"}],"curies":[{"name":"wp","href":"https:\/\/api.w.org\/{rel}","templated":true}]}}