{"id":65,"date":"2015-10-23T13:41:53","date_gmt":"2015-10-23T10:41:53","guid":{"rendered":"http:\/\/localhost\/mv\/?page_id=65"},"modified":"2025-08-16T10:06:07","modified_gmt":"2025-08-16T07:06:07","slug":"esittely","status":"publish","type":"page","link":"https:\/\/mustaverkosto.net\/index.php\/esittely\/","title":{"rendered":"Esittely"},"content":{"rendered":"<div id=\"pl-65\"  class=\"panel-layout\" ><div id=\"pg-65-0\"  class=\"panel-grid panel-has-style\" ><div class=\"siteorigin-panels-stretch panel-row-style panel-row-style-for-65-0\" data-stretch-type=\"full\" ><div id=\"pgc-65-0-0\"  class=\"panel-grid-cell\" ><div id=\"panel-65-0-0-0\" class=\"so-panel widget widget_black-studio-tinymce widget_black_studio_tinymce panel-first-child panel-last-child\" data-index=\"0\" ><div class=\"textwidget\"><p><span class=\"\" style=\"display:block;clear:both;height: 0px;padding-top: 500px;border-top-width:0px;border-bottom-width:0px;\"><\/span><\/p>\n<\/div><\/div><\/div><\/div><\/div><div id=\"pg-65-1\"  class=\"panel-grid panel-no-style\" ><div id=\"pgc-65-1-0\"  class=\"panel-grid-cell\" ><div id=\"panel-65-1-0-0\" class=\"so-panel widget widget_black-studio-tinymce widget_black_studio_tinymce panel-first-child panel-last-child\" data-index=\"1\" ><div class=\"textwidget\"><p><span class=\"esittely-sub\" style=\"color: #ffcc00;\">Hallitus kaudella 2025-2026<\/span><\/strong><\/span><\/p>\n<p><span style=\"color: #ffffff;\">Hallituksen toimintaan kuuluu aktiivisen katsomotoiminnan, ideoinnin ja kannattajien olosuhteiden kehitt\u00e4misen lis\u00e4ksi mm. vieraspelimatkojen j\u00e4rjest\u00e4minen, erilaisten tapahtumien toteutus ja fanipisteen yll\u00e4pito.<\/span><\/p>\n<p><span style=\"color: #ffffff;\">Toimimme my\u00f6s viestinviej\u00e4n\u00e4 kannattajien ja KalPan organisaation v\u00e4lill\u00e4.<\/span><\/p>\n<p><span style=\"color: #ffffff;\">Meihin voit ottaa yhteytt\u00e4 KalPa-kannattajia koskevissa kysymyksiss\u00e4 s\u00e4hk\u00f6postitse mustaverkosto miukumauku gmail.com<\/span><\/p>\n<p>&nbsp;<\/p>\n<p><span style=\"color: #ffcc00;\">Mustan Verkoston puheenjohtajana kaudella 2025-2026 toimii Meri Hyv\u00e4rinen (puh.050 344 2573).<\/span><\/p>\n<p><span style=\"color: #ffcc00;\">Hallituksen muut j\u00e4senet ovat: Joona Parkkinen, Elisa Kinnunen, Nitta Soininen, Else Mustamo, Eeka Tuppurainen, Karoliina R\u00e4s\u00e4nen, Joel Ryyn\u00e4nen ja Kasper Kankkunen.<\/span><\/p>\n<\/div><\/div><\/div><\/div><div id=\"pg-65-2\"  class=\"panel-grid panel-no-style\" ><div id=\"pgc-65-2-0\"  class=\"panel-grid-cell\" ><div id=\"panel-65-2-0-0\" class=\"so-panel widget widget_black-studio-tinymce widget_black_studio_tinymce panel-first-child panel-last-child\" data-index=\"2\" ><div class=\"textwidget\"><h3><span class=\"\" style=\"display:block;clear:both;height: 0px;padding-top: 50px;border-top-width:0px;border-bottom-width:0px;\"><\/span><\/h3>\n<p><span class=\"esittely-sub\" style=\"color: #ffcc00;\">Vuosikymmenten perinne puolesta v\u00e4rien keltamustien!<\/span><\/p>\n<p class=\"p1\"><span class=\"s1\" style=\"color: #ffffff;\"><b>\u00a0<\/b><\/span><\/p>\n<p class=\"p3\"><span class=\"s1\" style=\"color: #ffffff;\">Musta Verkosto on Liigajoukkue KalPan kannattajayhteis\u00f6, jonka tarkoituksena on yll\u00e4pit\u00e4\u00e4 ja kehitt\u00e4\u00e4 kuopiolaista kannattajakulttuuria, jossa oman seuran pelipaitaa voi kantaa p\u00e4\u00e4ll\u00e4\u00e4n ylpeydell\u00e4 joukkueen sen hetkisest\u00e4 menestyksest\u00e4 riippumatta. Tavoitteemme on koko saada koko halli her\u00e4\u00e4m\u00e4\u00e4n kannustamaan, pukeutumaan ja matkaamaan ylpeytemme - KalPan puolesta.\u00a0<\/span><\/p>\n<p class=\"p3\"><span class=\"s1\" style=\"color: #ffffff;\">\u00a0Nimemme heijastaa KalPan entisen kotipaidan v\u00e4rej\u00e4 sek\u00e4 ymp\u00e4ri Suomen verkostoitunutta toimintaamme.<\/span><\/p>\n<p class=\"p3\"><span style=\"color: #ffffff;\"><span class=\"s1\">KalPa-kannattajilla on ollut organisoitua toimintaa jo 80-luvulta l\u00e4htien, mutta nykyisen yhdistyksen juuret johtavat vuoteen 1996. Parin kauden hiljaisemman jakson j\u00e4lkeen yhdistys palasi kiekkokatsomoihin uusin voimin vuonna 2003. KalPa Fan Clubin kes\u00e4ll\u00e4 2003 alkanut uusi tuleminen on ollut koko ajan nousujohteista. Ensimm\u00e4isell\u00e4 kaudella j\u00e4senm\u00e4\u00e4r\u00e4 kipusi heti 75:een ja nelj\u00e4 kautta tallissa ollut kannattaja-bussi suuntasi runkosarjassa nelj\u00e4\u00e4n sek\u00e4 pudotuspeleiss\u00e4 kaikkiin viiteen otteluun.<\/span><\/span><\/p>\n<p><span style=\"color: #ffffff;\">Toisella toimintakaudella, SM-liigaan palaamiseen p\u00e4\u00e4ttyneell\u00e4 kaudella j\u00e4senm\u00e4\u00e4r\u00e4 nousi 85:een ja linja-autolla toteutettujen vieraspelimatkojen kysynt\u00e4 kasvoi kovasti. Runkosarjassa matkoja tehtiin nyt kahdeksan ja lis\u00e4ksi kannattajat suuntasivat luonnollisesti my\u00f6s kaikkiin kolmeen pudotuspelien vierasotteluun. Kuten edellisell\u00e4kin kaudella, sek\u00e4 paikallisottelut Mikkelin Jukureiden kanssa sek\u00e4 k\u00e4rkip\u00e4\u00e4n kamppailut Vaasan Sportin kanssa (my\u00f6s Liiganousuun johtaneet Mestis-finaalit) ker\u00e4siv\u00e4t kerta toisensa j\u00e4lkeen matkaan useamman bussillisen KalPa-kannattajia.<\/span><\/p>\n<p class=\"p3\"><span class=\"s1\" style=\"color: #ffffff;\">Mestiksen vaihduttua odotettuun SM-liigaan, KalPa Fan Club vaihtoi kes\u00e4ll\u00e4 2005 nimens\u00e4 ja siit\u00e4 l\u00e4htien j\u00e4\u00e4kiekon SM-liigaseura KalPan j\u00e4rjest\u00e4ytyneet kannattajat on tunnettu nimell\u00e4 Musta Verkosto. Virallisesti yhdistyksen nimi muuttui Musta Verkosto ry:ksi 2013.<br \/>\n<\/span><\/p>\n<p><span class=\"\" style=\"display:block;clear:both;height: 0px;padding-top: 20px;border-top-width:0px;border-bottom-width:0px;\"><\/span><br \/>\n<span class=\"esittely-sub\" style=\"color: #ffcc00;\">Uuden Ajan alusta t\u00e4h\u00e4n p\u00e4iv\u00e4\u00e4n!<\/span><br \/>\n<span class=\"\" style=\"display:block;clear:both;height: 0px;padding-top: 10px;border-top-width:0px;border-bottom-width:0px;\"><\/span><\/p>\n<p class=\"p3\"><span style=\"color: #ffffff;\">Tammikuussa 2015 p\u00e4\u00e4timme aloittaa kannattajayhdistyksen uudistusprosessin, jonka nimesimme <a style=\"color: #ffffff;\" href=\"http:\/\/yle.fi\/urheilu\/kalpa-faneilla_uusi_tuleminen_-_jotain_piti_tehda\/7724295\">\"Uuden Ajan\"<\/a> aluksi. Vuosien saatossa yhdistyksen toiminnasta oli perheiden perustamisen\u00a0my\u00f6t\u00e4 siirtynyt pienemp\u00e4\u00e4n rooliin monta aktiivista toimijaa. Uuden Ajan tavoitteeksi asetimme nuorten ja innokkaiden keltamustien kasvattamisen yhdistyksen kantaviksi voimiksi.\u00a0Uusi Aika sai tunnuksekseen syd\u00e4nk\u00e4yr\u00e4n, jossa ep\u00e4tasaisten ajanjaksojen j\u00e4lkeen \"syd\u00e4n muodostaa\" Puijon Tornin - rakkaudesta savolaisuuteen.\u00a0Puoliv\u00e4lieriss\u00e4 kaaduimme joukkueen kanssa saappaat jalassa. Tappioon p\u00e4\u00e4ttynyt kausi osoitti kuitenkin, ett\u00e4 onnistuimme kehitt\u00e4m\u00e4\u00e4n toimintaamme haluttuun suuntaan, ja kev\u00e4\u00e4ll\u00e4 Niirala n\u00e4ytti ja kuulosti upealle.<\/span><\/p>\n<p class=\"p3\"><span style=\"color: #ffffff;\">Kes\u00e4ll\u00e4 2015 jatkoimme siit\u00e4, mihin kev\u00e4\u00e4ll\u00e4 j\u00e4imme. Asetimme kauden 2015-2016 tavoitteeksi \"aktiivisen kannattajan\", joka asuin,- istuma,- tai seisoma,-paikasta riippumatta kantaa seuran v\u00e4rej\u00e4 ylpe\u00e4n\u00e4, tuo oman panoksensa peliin laittamalla k\u00e4tt\u00e4 yhteen ja ennen kaikkea - luo meid\u00e4n kalpalaisten v\u00e4lille yhteenkuuluvuuden\u00a0henke\u00e4, joka kantaa niin tiukoissa paikoissa kuin hienoissa hetkiss\u00e4kin. Lanseerasimme yhdess\u00e4 suurimman <strong><a style=\"color: #ffffff;\" href=\"https:\/\/www.youtube.com\/watch?v=gTsIyQVHqd8\">tifoprojektimme<\/a><\/strong>\u00a0kanssa Savon Keltamustat-facebook-ryhm\u00e4n, jossa\u00a0j\u00e4senemme voivat keskustella kaikesta muusta kuin pelist\u00e4: tarjota kimppakyyti\u00e4 otteluihin, myyd\u00e4 vanhan fanipaitansa tai tuoda julki kehitt\u00e4misideoita. Aktiiviset kannattajamme osoittivatkin heti kes\u00e4kuussa 2015, kuinka heid\u00e4n syd\u00e4nk\u00e4yr\u00e4ns\u00e4 sykkii Puijon Tornin tahtiin. Halusimme osoittaa rakkautta keltamustiin yli lajirajojen ja\u00a0<a style=\"color: #ffffff;\" href=\"http:\/\/yle.fi\/urheilu\/kupslle_tukea_yllattavalta_taholta__musta_verkosto_marssi_keskuskentalle\/8105601\">k\u00e4vimme <strong>kannustamassa KuPS:in ottelussa<\/strong><\/a><strong>.\u00a0<\/strong><\/span><\/p>\n<p class=\"p3\"><span style=\"color: #ffffff;\">Kiekon pudottua j\u00e4\u00e4h\u00e4n syyskuussa 2015 esittelimme ottelussa KalPa-K\u00e4rp\u00e4t <strong><a style=\"color: #ffffff;\" href=\"http:\/\/www.savonsanomat.fi\/urheilu\/jaakiekko\/kalpakarpat-ottelussa-liehui-liigan-historian-suurin-tifo\/2126161\">neli\u00f6m\u00e4\u00e4r\u00e4isesti liigahistorian suurimman overhead-tifon<\/a><\/strong>. Tifoilu ei j\u00e4\u00e4nyt syksylt\u00e4 siihen, vaan seuraavaksi kulmakatsomon t\u00e4ytti overhead ikimuistoisessa <strong><a style=\"color: #ffffff;\" href=\"https:\/\/www.youtube.com\/watch?v=EdxXjhRxTZ0\">#24-illassa 24.10.2015<\/a>.<\/strong>\u00a0<\/span><\/p>\n<p class=\"p3\"><span style=\"color: #ffffff;\">Kaudella 2016-2017 saimme kokea jotain ainutlaatuista: Meid\u00e4n KalPa eteni Liigan finaaleihin 26 vuoden tauon j\u00e4lkeen! KalPa-huuma valtasi koko Kuopion ja saimme yhdess\u00e4 luotua halliin loistavan tunnelman. Jatketaan syksyll\u00e4 siit\u00e4 mihin kev\u00e4\u00e4ll\u00e4 j\u00e4\u00e4tiin! N\u00e4hd\u00e4\u00e4n C4:ssa!<\/span><\/p>\n<h3><span class=\"\" style=\"display:block;clear:both;height: 0px;padding-top: 50px;border-top-width:0px;border-bottom-width:0px;\"><\/span><\/h3>\n<hr \/>\n<\/div><\/div><\/div><div id=\"pgc-65-2-1\"  class=\"panel-grid-cell\" ><div id=\"panel-65-2-1-0\" class=\"so-panel widget widget_black-studio-tinymce widget_black_studio_tinymce panel-first-child panel-last-child\" data-index=\"3\" ><div class=\"textwidget\"><p><span class=\"\" style=\"display:block;clear:both;height: 0px;padding-top: 500px;border-top-width:0px;border-bottom-width:0px;\"><\/span><br \/>\n<a href=\"https:\/\/mustaverkosto.net\/wp-content\/uploads\/2015\/10\/historia.png\"><img loading=\"lazy\" decoding=\"async\" src=\"https:\/\/mustaverkosto.net\/wp-content\/uploads\/2015\/10\/historia-300x154.png\" alt=\"historia\" width=\"300\" height=\"154\" class=\"alignnone size-medium wp-image-209\" srcset=\"https:\/\/mustaverkosto.net\/wp-content\/uploads\/2015\/10\/historia-300x154.png 300w, https:\/\/mustaverkosto.net\/wp-content\/uploads\/2015\/10\/historia-1024x525.png 1024w, https:\/\/mustaverkosto.net\/wp-content\/uploads\/2015\/10\/historia.png 1210w\" sizes=\"auto, (max-width: 300px) 100vw, 300px\" \/><\/a><a href=\"https:\/\/mustaverkosto.net\/wp-content\/uploads\/2015\/10\/historia.png\"><br \/>\n<span class=\"\" style=\"display:block;clear:both;height: 0px;padding-top: 400px;border-top-width:0px;border-bottom-width:0px;\"><\/span><br \/>\n<a href=\"https:\/\/mustaverkosto.net\/wp-content\/uploads\/2015\/10\/uusiaika.png\"><img loading=\"lazy\" decoding=\"async\" src=\"https:\/\/mustaverkosto.net\/wp-content\/uploads\/2015\/10\/uusiaika-300x119.png\" alt=\"uusiaika\" width=\"300\" height=\"119\" class=\"alignnone size-medium wp-image-398\" srcset=\"https:\/\/mustaverkosto.net\/wp-content\/uploads\/2015\/10\/uusiaika-300x119.png 300w, https:\/\/mustaverkosto.net\/wp-content\/uploads\/2015\/10\/uusiaika-1024x408.png 1024w, https:\/\/mustaverkosto.net\/wp-content\/uploads\/2015\/10\/uusiaika.png 2005w\" sizes=\"auto, (max-width: 300px) 100vw, 300px\" \/><\/a><\/p>\n<\/div><\/div><\/div><\/div><div id=\"pg-65-3\"  class=\"panel-grid panel-no-style\" ><div id=\"pgc-65-3-0\"  class=\"panel-grid-cell\" ><div id=\"panel-65-3-0-0\" class=\"so-panel widget widget_black-studio-tinymce widget_black_studio_tinymce panel-first-child panel-last-child\" data-index=\"4\" ><div class=\"textwidget\"><hr \/>\n<p>&nbsp;<\/p>\n<p><strong><span style=\"color: #ffcc00;\">Musta Verkosto yhdist\u00e4\u00e4 KalPa -kannattajat halki maan<\/span><\/strong><\/p>\n<p><span style=\"color: #ffffff;\">Koska savolaiset ovat lahjakkaasti levitt\u00e4ytyneet ymp\u00e4ri Suomenniemen, l\u00f6ytyy my\u00f6s Mustan Verkoston toimintaa muualtakin.<\/span><\/p>\n<p><span style=\"color: #ffffff;\">Toiminta Kuopion ulkopuolella on l\u00e4hinn\u00e4 KalPa- kannattajien yhteenkokoamista vierashalleissa yhteisiin savolaiskatsomoihin. Mustan Verkoston et\u00e4aktiivit hoitavat siis kukin omalla paikkakunnallaan yhteisi\u00e4 lippuvarauksia ja mahdollisuuksien mukaan lippuja ym. rekvisiittaa halleihin kannustuksen tueksi.<\/span><\/p>\n<p><span style=\"color: #ffffff;\">Aktiivisinta toimita on p\u00e4\u00e4kaupunkiseudulla, joihin savolaisia on todettu soluttautuneen eniten, mutta pelip\u00e4ivien sattuessa suosiollisiksi keltamustan katsomomme saattaa l\u00f6yt\u00e4\u00e4 my\u00f6s muualta. J\u00e4senille tarjoamme edullisemmat otteluliput sek\u00e4 kimppakyytej\u00e4 halki etel\u00e4isen Suomen.<\/span><br \/>\n<span style=\"color: #ffffff;\">Liittym\u00e4ll\u00e4 Mustan Verkoston j\u00e4seneksi saat jokaisesta Mustan Verkoston kautta tilaamasta ottelulipusta 3 euron alennuksen.<\/span><\/p>\n<\/div><\/div><\/div><div id=\"pgc-65-3-1\"  class=\"panel-grid-cell\" ><div id=\"panel-65-3-1-0\" class=\"so-panel widget widget_black-studio-tinymce widget_black_studio_tinymce panel-first-child panel-last-child\" data-index=\"5\" ><div class=\"textwidget\"><p>\u00a0<\/p>\n<p><img loading=\"lazy\" decoding=\"async\" class=\"alignnone  wp-image-212\" src=\"http:\/\/www.mustaverkosto.net.wp1.kotisivut.com\/wp-content\/uploads\/2015\/10\/mv_kokosuomi-505x1024.png\" alt=\"mv_kokosuomi\" width=\"351\" height=\"712\" srcset=\"https:\/\/mustaverkosto.net\/wp-content\/uploads\/2015\/10\/mv_kokosuomi-505x1024.png 505w, https:\/\/mustaverkosto.net\/wp-content\/uploads\/2015\/10\/mv_kokosuomi-148x300.png 148w, https:\/\/mustaverkosto.net\/wp-content\/uploads\/2015\/10\/mv_kokosuomi-300x608.png 300w, https:\/\/mustaverkosto.net\/wp-content\/uploads\/2015\/10\/mv_kokosuomi.png 1390w\" sizes=\"auto, (max-width: 351px) 100vw, 351px\" \/><\/p>\n<\/div><\/div><\/div><\/div><\/div>","protected":false},"excerpt":{"rendered":"<p>Hallitus kaudella 2025-2026 Hallituksen toimintaan kuuluu aktiivisen katsomotoiminnan, ideoinnin ja kannattajien olosuhteiden kehitt\u00e4misen lis\u00e4ksi mm. vieraspelimatkojen j\u00e4rjest\u00e4minen, erilaisten tapahtumien toteutus ja fanipisteen yll\u00e4pito. Toimimme my\u00f6s viestinviej\u00e4n\u00e4 kannattajien ja KalPan organisaation v\u00e4lill\u00e4. Meihin voit ottaa yhteytt\u00e4 KalPa-kannattajia koskevissa kysymyksiss\u00e4 s\u00e4hk\u00f6postitse mustaverkosto miukumauku gmail.com &nbsp; Mustan Verkoston puheenjohtajana kaudella 2025-2026 toimii Meri Hyv\u00e4rinen (puh.050 344 2573). Hallituksen&#8230;<\/p>\n","protected":false},"author":1,"featured_media":0,"parent":0,"menu_order":0,"comment_status":"closed","ping_status":"closed","template":"full-width-page.php","meta":{"footnotes":""},"class_list":["post-65","page","type-page","status-publish","hentry"],"_links":{"self":[{"href":"https:\/\/mustaverkosto.net\/index.php\/wp-json\/wp\/v2\/pages\/65","targetHints":{"allow":["GET"]}}],"collection":[{"href":"https:\/\/mustaverkosto.net\/index.php\/wp-json\/wp\/v2\/pages"}],"about":[{"href":"https:\/\/mustaverkosto.net\/index.php\/wp-json\/wp\/v2\/types\/page"}],"author":[{"embeddable":true,"href":"https:\/\/mustaverkosto.net\/index.php\/wp-json\/wp\/v2\/users\/1"}],"replies":[{"embeddable":true,"href":"https:\/\/mustaverkosto.net\/index.php\/wp-json\/wp\/v2\/comments?post=65"}],"version-history":[{"count":55,"href":"https:\/\/mustaverkosto.net\/index.php\/wp-json\/wp\/v2\/pages\/65\/revisions"}],"predecessor-version":[{"id":1557,"href":"https:\/\/mustaverkosto.net\/index.php\/wp-json\/wp\/v2\/pages\/65\/revisions\/1557"}],"wp:attachment":[{"href":"https:\/\/mustaverkosto.net\/index.php\/wp-json\/wp\/v2\/media?parent=65"}],"curies":[{"name":"wp","href":"https:\/\/api.w.org\/{rel}","templated":true}]}}