{"id":62,"date":"2015-10-23T13:41:41","date_gmt":"2015-10-23T10:41:41","guid":{"rendered":"http:\/\/localhost\/mv\/?page_id=62"},"modified":"2026-04-04T11:57:37","modified_gmt":"2026-04-04T08:57:37","slug":"etusivu","status":"publish","type":"page","link":"https:\/\/mustaverkosto.net\/","title":{"rendered":"Etusivu"},"content":{"rendered":"<div id=\"pl-62\"  class=\"panel-layout\" ><div id=\"pg-62-0\"  class=\"panel-grid panel-has-style\" ><div class=\"siteorigin-panels-stretch panel-row-style panel-row-style-for-62-0\" data-stretch-type=\"full\" ><div id=\"pgc-62-0-0\"  class=\"panel-grid-cell\" ><div id=\"panel-62-0-0-0\" class=\"so-panel widget widget_black-studio-tinymce widget_black_studio_tinymce panel-first-child panel-last-child\" data-index=\"0\" ><div class=\"textwidget\"><p style=\"text-align: center;\"><div class=\"su-spacer\" style=\"height:10px\"><\/div><img loading=\"lazy\" decoding=\"async\" class=\"aligncenter wp-image-1126\" src=\"https:\/\/mustaverkosto.net\/wp-content\/uploads\/2019\/08\/MustaVerkosto-Logo-1.png\" alt=\"\" width=\"800\" height=\"442\" srcset=\"https:\/\/mustaverkosto.net\/wp-content\/uploads\/2019\/08\/MustaVerkosto-Logo-1.png 2303w, https:\/\/mustaverkosto.net\/wp-content\/uploads\/2019\/08\/MustaVerkosto-Logo-1-300x166.png 300w, https:\/\/mustaverkosto.net\/wp-content\/uploads\/2019\/08\/MustaVerkosto-Logo-1-768x425.png 768w, https:\/\/mustaverkosto.net\/wp-content\/uploads\/2019\/08\/MustaVerkosto-Logo-1-1024x566.png 1024w\" sizes=\"auto, (max-width: 800px) 100vw, 800px\" \/><\/p>\n<p style=\"text-align: center;\"><div class=\"su-spacer\" style=\"height:70px\"><\/div><\/p>\n<p style=\"text-align: center;\">\n<\/div><\/div><\/div><\/div><\/div><div id=\"pg-62-1\"  class=\"panel-grid panel-no-style\" ><div id=\"pgc-62-1-0\"  class=\"panel-grid-cell\" ><div id=\"panel-62-1-0-0\" class=\"so-panel widget widget_black-studio-tinymce widget_black_studio_tinymce panel-first-child panel-last-child\" data-index=\"1\" ><div class=\"textwidget\"><p><span class=\"\" style=\"display:block;clear:both;height: 0px;padding-top: 20px;border-top-width:0px;border-bottom-width:0px;\"><\/span><\/p>\n<p>&nbsp;<\/p>\n<p><a href=\"https:\/\/forms.gle\/ZLXq9LAgSru6hTAX8\"><img loading=\"lazy\" decoding=\"async\" class=\"alignnone size-large wp-image-1626\" src=\"https:\/\/mustaverkosto.net\/wp-content\/uploads\/2026\/04\/WhatsApp-Image-2026-04-04-at-10.15.53-819x1024.jpeg\" alt=\"\" width=\"700\" height=\"875\" srcset=\"https:\/\/mustaverkosto.net\/wp-content\/uploads\/2026\/04\/WhatsApp-Image-2026-04-04-at-10.15.53-819x1024.jpeg 819w, https:\/\/mustaverkosto.net\/wp-content\/uploads\/2026\/04\/WhatsApp-Image-2026-04-04-at-10.15.53-240x300.jpeg 240w, https:\/\/mustaverkosto.net\/wp-content\/uploads\/2026\/04\/WhatsApp-Image-2026-04-04-at-10.15.53-768x960.jpeg 768w, https:\/\/mustaverkosto.net\/wp-content\/uploads\/2026\/04\/WhatsApp-Image-2026-04-04-at-10.15.53-1229x1536.jpeg 1229w, https:\/\/mustaverkosto.net\/wp-content\/uploads\/2026\/04\/WhatsApp-Image-2026-04-04-at-10.15.53-300x375.jpeg 300w, https:\/\/mustaverkosto.net\/wp-content\/uploads\/2026\/04\/WhatsApp-Image-2026-04-04-at-10.15.53.jpeg 1280w\" sizes=\"auto, (max-width: 700px) 100vw, 700px\" \/><\/a><\/p>\n<p>&nbsp;<\/p>\n<p>&nbsp;<\/p>\n<p>&nbsp;<\/p>\n<p>&nbsp;<\/p>\n<p>&nbsp;<\/p>\n<p>&nbsp;<\/p>\n<p><a href=\"https:\/\/mustaverkosto.net\/index.php\/liity-jaseneksi\/\"><img loading=\"lazy\" decoding=\"async\" class=\"alignnone wp-image-1217 size-large\" src=\"https:\/\/mustaverkosto.net\/wp-content\/uploads\/2020\/09\/Ja\u0308senyys2020-1024x575.jpg\" alt=\"\" width=\"700\" height=\"393\" srcset=\"https:\/\/mustaverkosto.net\/wp-content\/uploads\/2020\/09\/Ja\u0308senyys2020-1024x575.jpg 1024w, https:\/\/mustaverkosto.net\/wp-content\/uploads\/2020\/09\/Ja\u0308senyys2020-300x169.jpg 300w, https:\/\/mustaverkosto.net\/wp-content\/uploads\/2020\/09\/Ja\u0308senyys2020-768x431.jpg 768w, https:\/\/mustaverkosto.net\/wp-content\/uploads\/2020\/09\/Ja\u0308senyys2020.jpg 1100w\" sizes=\"auto, (max-width: 700px) 100vw, 700px\" \/><\/a><\/p>\n<p>&nbsp;<\/p>\n<p>&nbsp;<\/p>\n<p>&nbsp;<\/p>\n<p>&nbsp;<\/p>\n<p>&nbsp;<\/p>\n<p>&nbsp;<\/p>\n<p>&nbsp;<\/p>\n<p>&nbsp;<\/p>\n<p>&nbsp;<\/p>\n<p>&nbsp;<\/p>\n<p>&nbsp;<\/p>\n<p>&nbsp;<\/p>\n<p>&nbsp;<\/p>\n<p>&nbsp;<\/p>\n<\/div><\/div><\/div><div id=\"pgc-62-1-1\"  class=\"panel-grid-cell\" ><div id=\"panel-62-1-1-0\" class=\"so-panel widget widget_black-studio-tinymce widget_black_studio_tinymce panel-first-child panel-last-child\" data-index=\"2\" ><div class=\"textwidget\"><h2><span style=\"color: #ffcc00;\">Uutiset:<\/span><br \/>\n<strong><span style=\"color: #ffcc00;\">27.3.2026: Tampereelle ilmoittautuminen avattu!<\/span><br \/>\n<strong><span style=\"color: #ffcc00;\">18.3.2026: Helsinkiin ilmoittautuminen avattu!<\/span><br \/>\n<strong><span style=\"color: #ffcc00;\">5.2.2026: Tampereelle ilmoittautuminen avattu!<\/span><br \/>\n<strong><span style=\"color: #ffcc00;\">23.1.2026: Ouluun ilmoittautuminen avattu!<\/span><br \/>\n<strong><span style=\"color: #ffcc00;\">15.1.2026: Mikkeliin ilmoittautuminen avattu!<\/span><br \/>\n<strong><span style=\"color: #ffcc00;\">7.1.2026: Tampereelle ilmoittautuminen avattu!<\/span><br \/>\n<strong><span style=\"color: #ffcc00;\">11.12.2025: Jyv\u00e4skyl\u00e4\u00e4n ilmoittautuminen avattu!<\/span><br \/>\n<strong><span style=\"color: #ffcc00;\">3.12.2025: Lappeenrantaan ilmoittautuminen avattu!<\/span><br \/>\n<strong><span style=\"color: #ffcc00;\">23.11.2025: H\u00e4meenlinnaan ilmoittautuminen avattu!<\/span><br \/>\n<strong><span style=\"color: #ffcc00;\">16.11.2025: Jyv\u00e4skyl\u00e4\u00e4n ilmoittautuminen avattu!<\/span><br \/>\n<strong><span style=\"color: #ffcc00;\">31.10.2025: Vaasaan ilmoittautuminen avattu!<\/span><br \/>\n<strong><span style=\"color: #ffcc00;\">26.10.2025: Jyv\u00e4skyl\u00e4\u00e4n ilmoittautuminen avattu!<\/span><br \/>\n<strong><span style=\"color: #ffcc00;\">14.10.2025: Kutsu syyskokoukseen<\/span><br \/>\n<strong><span style=\"color: #ffcc00;\">14.10.2025: Tampereelle ilmoittautuminen avattu!<\/span><br \/>\n<strong><a href=\"https:\/\/forms.gle\/tLQ7RETgEDJxGJSS7\"<span style=\"color: #ffcc00;\">1.10.2025: Mikkeliin ilmoittautuminen avattu!<\/span><br \/>\n<strong><a href=\"https:\/\/forms.gle\/rHXAEpo2CeCqiNRw8\"<span style=\"color: #ffcc00;\">7.9.2025: Espooseen ilmoittautuminen avattu!<\/span><br \/>\n<strong><span style=\"color: #ffcc00;\">9.5.2025: Kutsu kev\u00e4tkokoukseen<\/span><br \/>\n<strong><span style=\"color: #ffcc00;\">22.4.2025: Finaalimatkoille ilmoittautuminen avattu!<\/span><br \/>\n<strong><span style=\"color: #ffcc00;\">9.4.2025: Tampereelle ilmoittautuminen avattu!<\/span><br \/>\n<strong><span style=\"color: #ffcc00;\">11.2.2025: Poriin ilmoittautuminen avattu!<\/span><br \/>\n<strong><a href=\"https:\/\/forms.gle\/A7NfbnDEG1xBLauRA\"<span style=\"color: #ffcc00;\">11.2.2025: Mikkeliin ilmoittautuminen avattu!<\/span><br \/>\n<strong><a href=\"https:\/\/forms.gle\/dFHKcKBUny6xZQcc6\"<span style=\"color: #ffcc00;\">12.1.2025: Jyv\u00e4skyl\u00e4\u00e4n ilmoittautuminen avattu!<\/span><br \/>\n<strong><a href=\"https:\/\/forms.gle\/QbkpzH5DNF1bKeZU8\"<span style=\"color: #ffcc00;\">2.1.2025: Espooseen ilmoittautuminen avattu!<\/span><br \/>\n<strong><a href=\"https:\/\/forms.gle\/UgVwsR1o7ApqCU2k6\"<span style=\"color: #ffcc00;\">17.12.2024: Tampereelle ilmoittautuminen avattu!<\/span><br \/>\n<strong><a href=\"https:\/\/forms.gle\/RNdoL8EA1a31viCa7\"<span style=\"color: #ffcc00;\">4.12.2024: Tampereelle ilmoittautuminen avattu!<\/span><br \/>\n<strong><a href=\"https:\/\/forms.gle\/5b6kQXNdx3jzPumV7\"<span style=\"color: #ffcc00;\">14.10.2024: Jyv\u00e4skyl\u00e4\u00e4n ilmoittautuminen avattu!<\/span><br \/>\n<strong><a href=\"https:\/\/forms.gle\/NMr6FudrjX5wGtmZ9\"<span style=\"color: #ffcc00;\">10.10.2024: Mikkeliin ilmoittautuminen avattu!<\/span><br \/>\n<strong><a href=\"https:\/\/forms.gle\/cJppkseH53S8p6Rw9\"<span style=\"color: #ffcc00;\">3.10.2024: Ouluun ilmoittautuminen avattu!<\/span><br \/>\n<strong><a href=\"https:\/\/forms.gle\/hjKnZKNKQnpggDaS8\"<span style=\"color: #ffcc00;\">26.9.2024: Hotellimatkalle ilmoittautuminen avattu!<\/span><br \/>\n<strong><a href=\"https:\/\/forms.gle\/ndKWNz7p1feib1yS6\"<span style=\"color: #ffcc00;\">12.9.2024: Espooseen ilmoittautuminen avattu!<\/span><br \/>\n<strong><a href=\"https:\/\/forms.gle\/a6j8VwpC3tyQsxEZA\"<span style=\"color: #ffcc00;\">25.8.2024: Jyv\u00e4skyl\u00e4\u00e4n ilmoittautuminen avattu!<\/span><br \/>\n<strong><span style=\"color: #ffcc00;\">8.5.2024: Kutsu kev\u00e4tkokoukseen<\/span><br \/>\n<strong><a href=\"https:\/\/forms.gle\/QFX9aM5bgeArDmCA6\"<span style=\"color: #ffcc00;\">15.4.2024: Ouluun ilmoittautuminen avattu!<\/span><br \/>\n<strong><span style=\"color: #ffcc00;\">31.3.2024: V\u00e4lier\u00e4matkoille ilmoittautuminen avattu!<\/span><br \/>\n<strong><span style=\"color: #ffcc00;\">18.3.2024: Tampereelle ilmoittautuminen avattu!<\/span><br \/>\n<strong><a href=\"https:\/\/forms.gle\/xp2JeYZHWgqkpqyC8\"<span style=\"color: #ffcc00;\">16.2.2024: Tampereelle ilmoittautuminen avattu!<\/span><br \/>\n<strong><a href=\"https:\/\/forms.gle\/i7nvkXu51N2JvmAM9\"<span style=\"color: #ffcc00;\">29.1.2024: Ouluun ilmoittautuminen avattu!<\/span><br \/>\n<strong><a href=\"https:\/\/forms.gle\/9UyBWK7wmg67Yk9RA\"<span style=\"color: #ffcc00;\">6.1.2024: Mikkeliin ilmoittautuminen avattu!<\/span><br \/>\n<strong><a href=\"https:\/\/forms.gle\/VJrktq3vsndBfe6J8\"<span style=\"color: #ffcc00;\">12.12.2023: Jyv\u00e4skyl\u00e4\u00e4n ilmoittautuminen avattu!<\/span><br \/>\n<strong><a href=\"https:\/\/forms.gle\/D3KvkcUx6H7cUFz68\"<span style=\"color: #ffcc00;\">4.11.2023: Mikkeliin ilmoittautuminen avattu!<\/span><br \/>\n<strong><a href=\"https:\/\/forms.gle\/XA57XnGodw65CCFw8\"<span style=\"color: #ffcc00;\">28.10.2023: Jyv\u00e4skyl\u00e4\u00e4n ilmoittautuminen avattu!<\/span><br \/>\n<strong><span style=\"color: #ffcc00;\">16.10.2023: Kutsu syyskokoukseen<\/span><br \/>\n<strong><a href=\"https:\/\/forms.gle\/o3b4fKf6o6QeehuJ7\"<span style=\"color: #ffcc00;\">25.9.2023: Mikkeliin ilmoittautuminen avattu!<\/span><br \/>\n<strong><a href=\"https:\/\/forms.gle\/w4nL4vBgfbgNMRiP9\"<span style=\"color: #ffcc00;\">25.8.2023: Tampereelle ilmoittautuminen avattu!<\/span><br \/>\n<strong><span style=\"color: #ffcc00;\">28.4.2023: Kutsu kev\u00e4tkokoukseen<\/span><br \/>\n<strong><a href=\"https:\/\/forms.gle\/aSW16VoHbMAiBJUP8\"<span style=\"color: #ffcc00;\">26.3.2023: Game 7 irtoliput myynniss\u00e4!<\/span><br \/>\n<strong><a href=\"https:\/\/forms.gle\/K63MdvvjE5VPuy3S9\"<span style=\"color: #ffcc00;\">20.3.2023: Lahteen ilmoittautuminen avattu!<\/span><br \/>\n<strong><a href=\"https:\/\/forms.gle\/A5NkcPd4VJPvgv1z9\"<span style=\"color: #ffcc00;\">13.3.2023: Lahteen ilmoittautuminen avattu!<\/span><br \/>\n<strong><a href=\"https:\/\/mustaverkosto.net\/index.php\/vierasmatkat\/\"<span style=\"color: #ffcc00;\">7.2.2023: Jyv\u00e4skyl\u00e4\u00e4n ilmoittautuminen avattu!<\/span><br \/>\n<strong><a href=\"https:\/\/mustaverkosto.net\/index.php\/vierasmatkat\/\"<span style=\"color: #ffcc00;\">13.12.2022: Mikkeliin ilmoittautuminen avattu!<\/span><br \/>\n<strong><a href=\"https:\/\/mustaverkosto.net\/index.php\/vierasmatkat\/\"<span style=\"color: #ffcc00;\">31.10.2022: Mikkeliin ilmoittautuminen avattu!<\/span><br \/>\n<strong><a href=\"https:\/\/forms.gle\/wFJeDDdiA6BX5jK39\"<span style=\"color: #ffcc00;\">20.10.2022: Hotellimatkalle ilmoittautuminen avattu!<\/span><br \/>\n<strong><span style=\"color: #ffcc00;\">14.10.2022: Kutsu syyskokoukseen<\/span><br \/>\n<strong><a href=\"https:\/\/mustaverkosto.net\/index.php\/vierasmatkat\/\"<span style=\"color: #ffcc00;\">4.10.2022: Mikkeliin ilmoittautuminen avattu!<\/span><br \/>\n<strong><a href=\"https:\/\/mustaverkosto.net\/index.php\/vierasmatkat\/\"<span style=\"color: #ffcc00;\">8.9.2022: Jyv\u00e4skyl\u00e4\u00e4n ilmoittautuminen avattu!<\/span><br \/>\n<strong><span style=\"color: #ffcc00;\">2.5.2022: Kutsu kev\u00e4tkokoukseen<\/span><br \/>\n<strong><span style=\"color: #ffcc00;\">1.3.2022: Tampereelle ilmoittautuminen avattu!<\/span><br \/>\n<strong><a href=\"https:\/\/forms.gle\/KoCjP4czTr1XW2Xi9\"<span style=\"color: #ffcc00;\">18.11.2021: Hotellimatkalle ilmoittautuminen avattu!<\/span><br \/>\n<strong><a href=\"https:\/\/mustaverkosto.net\/index.php\/vierasmatkat\/\"<span style=\"color: #ffcc00;\">27.10.2021: Mikkeliin ilmoittautuminen avattu!<\/span><br \/>\n<strong><span style=\"color: #ffcc00;\">14.10.2021: Kutsu syyskokoukseen<\/span><br \/>\n<strong><a href=\"https:\/\/mustaverkosto.net\/index.php\/vierasmatkat\/\"<span style=\"color: #ffcc00;\">24.9.2021: Jyv\u00e4skyl\u00e4\u00e4n ilmoittautuminen avattu!<\/span><br \/>\n<strong><span style=\"color: #ffcc00;\">11.5.2021: Kutsu kev\u00e4tkokoukseen<\/span><br \/>\n<strong><span style=\"color: #ffcc00;\">9.10.2020: Kutsu syyskokoukseen<\/span><br \/>\n<strong><a href=\"https:\/\/forms.gle\/GiftisJaWXqp9Ui56\"<span style=\"color: #ffcc00;\">5.10.2020: Jyv\u00e4skyl\u00e4n irtoliput myynniss\u00e4!<\/span><br \/>\n<strong><a href=\"https:\/\/www.facebook.com\/102598119779389\/posts\/3625448560827643\/?d=n\"<span style=\"color: #ffcc00;\">14.9.2020: Liity j\u00e4seneksi ja voita lahjakortti!<\/span><br \/>\n<strong><span style=\"color: #ffcc00;\">11.6.2020: Kutsu kev\u00e4tkokoukseen<\/span><br \/>\n<strong><a href=\"https:\/\/mustaverkosto.net\/index.php\/vierasmatkat\/\"<span style=\"color: #ffcc00;\">3.2.2020: Tampereelle ilmoittautuminen avattu!<\/span><br \/>\n<strong><a href=\"https:\/\/mustaverkosto.net\/index.php\/vierasmatkat\/\"<span style=\"color: #ffcc00;\">2.1.2020: Jyv\u00e4skyl\u00e4\u00e4n ilmoittautuminen avattu!<\/span><br \/>\n<strong><a href=\"https:\/\/mustaverkosto.net\/index.php\/vierasmatkat\/\"<span style=\"color: #ffcc00;\">12.12.2019: Mikkeliin ilmoittautuminen avattu!<\/span><br \/>\n<strong><a href=\"https:\/\/forms.gle\/ZVQiD7AFvxtBNLv16\"<span style=\"color: #ffcc00;\">17.11.2019: SSK12 Hotellimatkalle ilmoittautuminen avattu!<\/span><br \/>\n<strong><a href=\"https:\/\/mustaverkosto.net\/index.php\/vierasmatkat\/\"<span style=\"color: #ffcc00;\">1.11.2019: Jyv\u00e4skyl\u00e4\u00e4n ilmoittautuminen avattu!<\/span><br \/>\n<strong><a href=\"https:\/\/mustaverkosto.net\/index.php\/vierasmatkat\/\"<span style=\"color: #ffcc00;\">11.1.2019: Mikkeliin ilmoittautuminen avattu!<\/span><br \/>\n<strong><span style=\"color: #ffcc00;\">4.10.2019: Kutsu syyskokoukseen<\/span><br \/>\n<strong><a href=\"https:\/\/mustaverkosto.net\/index.php\/vierasmatkat\/\"<span style=\"color: #ffcc00;\">19.9.2019: Jyv\u00e4skyl\u00e4\u00e4n ilmoittautuminen avattu!<\/span><br \/>\n<strong><a href=\"https:\/\/mustaverkosto.net\/index.php\/vierasmatkat\/\"<span style=\"color: #ffcc00;\">29.8.2019: Kouvolaan ilmoittautuminen avattu!<\/span><br \/>\n<strong><a href=\"https:\/\/mustaverkosto.net\/index.php\/liity-jaseneksi\/\"<span style=\"color: #ffcc00;\">15.08.2019: Liity j\u00e4seneksi elokuussa, saat kausikortin tarjoushintaan!<\/span><br \/>\n<strong><a href=\"https:\/\/mustaverkosto.net\/index.php\/liity-jaseneksi\/\"<span style=\"color: #ffcc00;\">05.06.2019: Liity nyt j\u00e4seneksi!<\/span><br \/>\n<strong><span style=\"color: #ffcc00;\">26.4.2019: Kutsu kev\u00e4tkokoukseen<\/span><br \/>\n<strong><a href=\"https:\/\/mustaverkosto.net\/index.php\/vierasmatkat\/\"<span style=\"color: #ffcc00;\">19.2.2019: Jyv\u00e4skyl\u00e4\u00e4n ilmoittautuminen avattu!<\/span><br \/>\n<strong><a href=\"https:\/\/mustaverkosto.net\/index.php\/vierasmatkat\/\"<span style=\"color: #ffcc00;\">26.1.2019: Jyv\u00e4skyl\u00e4\u00e4n ilmoittautuminen avattu!<\/span><br \/>\n<strong><a href=\"https:\/\/mustaverkosto.net\/index.php\/vierasmatkat\/\"<span style=\"color: #ffcc00;\">9.1.2019: Mikkeliin ilmoittautuminen avattu!<\/span><br \/>\n<strong><a href=\"https:\/\/mustaverkosto.net\/index.php\/vierasmatkat\/\"<span style=\"color: #ffcc00;\">7.1.2019: Irtoliput Helsinkiin myynniss\u00e4!<\/span><br \/>\n<strong><a href=\"https:\/\/mustaverkosto.net\/index.php\/vierasmatkat\/\"<span style=\"color: #ffcc00;\">16.12.2018: Tampereelle ilmoittautuminen avattu!<\/span><br \/>\n<strong><a href=\"https:\/\/mustaverkosto.net\/index.php\/vierasmatkat\/\"<span style=\"color: #ffcc00;\">13.11.2018: Mikkeliin ilmoittautuminen avattu!<\/span><br \/>\n<strong><span style=\"color: #ffcc00;\">9.10.2018: Kutsu syyskokoukseen<\/span><br \/>\n<strong><a href=\"https:\/\/goo.gl\/forms\/pXWLuaa4ZpN3TdpL2\"<span style=\"color: #ffcc00;\">5.10.2018: Hotellimatkalle ilmoittautuminen avattu!<\/span><br \/>\n<strong><a href=\"https:\/\/mustaverkosto.net\/index.php\/vierasmatkat\/\"<span style=\"color: #ffcc00;\">27.9.2018: Mikkeliin ilmoittautuminen avattu!<\/span><br \/>\n<strong><a href=\"https:\/\/mustaverkosto.net\/index.php\/vierasmatkat\/\"<span style=\"color: #ffcc00;\">17.9.2018: SSK-irtoliput myynniss\u00e4!<\/span><br \/>\n<strong><a href=\"https:\/\/mustaverkosto.net\/index.php\/vierasmatkat\/\"<span style=\"color: #ffcc00;\">1.9.2018: Jyv\u00e4skyl\u00e4\u00e4n ilmoittautuminen avattu!<\/span><br \/>\n<strong><a href=\"https:\/\/mustaverkosto.net\/index.php\/vierasmatkat\/\"<span style=\"color: #ffcc00;\">24.8.2018: Ouluun ilmoittautuminen avattu!<\/span><br \/>\n<strong><span style=\"color: #ffcc00;\">4.5.2018: Kutsu kev\u00e4tkokoukseen<\/span><br \/>\n<strong><span style=\"color: #ffcc00;\">12.3.2018: Playoff-matkoille ilmoittautuminen avattu!<\/span><br \/>\n<strong><span style=\"color: #ffcc00;\">7.2.2018: Mikkeliin ilmoittautuminen avattu!<\/span><br \/>\n<strong><span style=\"color: #ffcc00;\">24.1.2017: Jyv\u00e4skyl\u00e4\u00e4n ilmoittautuminen avattu!<\/span><br \/>\n<strong><span style=\"color: #ffcc00;\">28.12.2017: Mikkeliin ilmoittautuminen avattu!<\/span><br \/>\n<strong><span style=\"color: #ffcc00;\">4.12.2017: Tampereelle ilmoittautuminen avattu!<\/span><br \/>\n<strong><span style=\"color: #ffcc00;\">20.11.2017: Jyv\u00e4skyl\u00e4\u00e4n ilmoittautuminen avattu!<\/span><br \/>\n<strong><span style=\"color: #ffcc00;\">24.10.2017: Jyv\u00e4skyl\u00e4\u00e4n ilmoittautuminen avattu!<\/span><br \/>\n<strong><span style=\"color: #ffcc00;\">28.8.2017: Mikkeliin ilmoittautuminen avattu!<\/span><\/p>\n<\/div><\/div><\/div><\/div><\/div>","protected":false},"excerpt":{"rendered":"<p>&nbsp; &nbsp; &nbsp; &nbsp; &nbsp; &nbsp; &nbsp; &nbsp; &nbsp; &nbsp; &nbsp; &nbsp; &nbsp; &nbsp; &nbsp; &nbsp; &nbsp; &nbsp; &nbsp; &nbsp; &nbsp; Uutiset: 27.3.2026: Tampereelle ilmoittautuminen avattu! 18.3.2026: Helsinkiin ilmoittautuminen avattu! 5.2.2026: Tampereelle ilmoittautuminen avattu! 23.1.2026: Ouluun ilmoittautuminen avattu! 15.1.2026: Mikkeliin ilmoittautuminen avattu! 7.1.2026: Tampereelle ilmoittautuminen avattu! 11.12.2025: Jyv\u00e4skyl\u00e4\u00e4n ilmoittautuminen avattu! 3.12.2025: Lappeenrantaan ilmoittautuminen avattu! 23.11.2025:&#8230;<\/p>\n","protected":false},"author":1,"featured_media":0,"parent":0,"menu_order":0,"comment_status":"closed","ping_status":"closed","template":"full-width-page.php","meta":{"footnotes":""},"class_list":["post-62","page","type-page","status-publish","hentry"],"_links":{"self":[{"href":"https:\/\/mustaverkosto.net\/index.php\/wp-json\/wp\/v2\/pages\/62","targetHints":{"allow":["GET"]}}],"collection":[{"href":"https:\/\/mustaverkosto.net\/index.php\/wp-json\/wp\/v2\/pages"}],"about":[{"href":"https:\/\/mustaverkosto.net\/index.php\/wp-json\/wp\/v2\/types\/page"}],"author":[{"embeddable":true,"href":"https:\/\/mustaverkosto.net\/index.php\/wp-json\/wp\/v2\/users\/1"}],"replies":[{"embeddable":true,"href":"https:\/\/mustaverkosto.net\/index.php\/wp-json\/wp\/v2\/comments?post=62"}],"version-history":[{"count":278,"href":"https:\/\/mustaverkosto.net\/index.php\/wp-json\/wp\/v2\/pages\/62\/revisions"}],"predecessor-version":[{"id":1628,"href":"https:\/\/mustaverkosto.net\/index.php\/wp-json\/wp\/v2\/pages\/62\/revisions\/1628"}],"wp:attachment":[{"href":"https:\/\/mustaverkosto.net\/index.php\/wp-json\/wp\/v2\/media?parent=62"}],"curies":[{"name":"wp","href":"https:\/\/api.w.org\/{rel}","templated":true}]}}